{"id":6823,"date":"2024-07-02T11:36:39","date_gmt":"2024-07-02T09:36:39","guid":{"rendered":"https:\/\/www.cliniquedarchifa.com\/sbrt-radiochirurgie-extracranienne\/"},"modified":"2024-11-19T16:18:30","modified_gmt":"2024-11-19T15:18:30","slug":"sbrt-radiochirurgie-extracranienne","status":"publish","type":"page","link":"https:\/\/www.cliniquedarchifa.com\/en\/sbrt-radiochirurgie-extracranienne\/","title":{"rendered":"SBRT (Radiochirurgie extracr\u00e2nienne)"},"content":{"rendered":"\t\t<div data-elementor-type=\"wp-page\" data-elementor-id=\"6823\" class=\"elementor elementor-6823\">\n\t\t\t\t\t\t<section class=\"elementor-section elementor-top-section elementor-element elementor-element-870ea77 elementor-section-boxed elementor-section-height-default elementor-section-height-default\" data-id=\"870ea77\" data-element_type=\"section\">\n\t\t\t\t\t\t<div class=\"elementor-container elementor-column-gap-default\">\n\t\t\t\t\t<div class=\"elementor-column elementor-col-50 elementor-top-column elementor-element elementor-element-50cad3f\" data-id=\"50cad3f\" data-element_type=\"column\">\n\t\t\t<div class=\"elementor-widget-wrap elementor-element-populated\">\n\t\t\t\t\t\t<div class=\"elementor-element elementor-element-927be93 elementor-widget__width-initial elementor-widget-tablet__width-inherit mw-100 elementor-invisible elementor-widget elementor-widget-heading\" data-id=\"927be93\" data-element_type=\"widget\" data-settings=\"{&quot;_animation&quot;:&quot;fadeInUp&quot;,&quot;_animation_delay&quot;:0}\" data-widget_type=\"heading.default\">\n\t\t\t\t<div class=\"elementor-widget-container\">\n\t\t\t<h2 class=\"elementor-heading-title elementor-size-default\">Traitement SBRT (Radiochirurgie extra cr\u00e2nienne)<\/h2>\t\t<\/div>\n\t\t\t\t<\/div>\n\t\t\t\t<div class=\"elementor-element elementor-element-aa02ccc elementor-widget elementor-widget-text-editor\" data-id=\"aa02ccc\" data-element_type=\"widget\" data-widget_type=\"text-editor.default\">\n\t\t\t\t<div class=\"elementor-widget-container\">\n\t\t\t\t\t\t\t<p>La SBRT est similaire \u00e0 la radiochirurgie, mais doit \u00eatre pratiqu\u00e9e sur des tumeurs de petite taille se d\u00e9veloppant dans n&#8217;importe quelle localisation anatomique en dehors de la t\u00eate.<br \/>Cette technique n\u00e9cessite un bon syst\u00e8me d&#8217;immobilisation et un contr\u00f4le de cette immobilisation afin de pouvoir administrer des doses \u00e9lev\u00e9es en tr\u00e8s peu de s\u00e9ances.<br \/>Les doses d\u00e9livr\u00e9es sont g\u00e9n\u00e9ralement comprises entre 5 et 20 Gy par s\u00e9ance et 1 \u00e0 7 s\u00e9ances sont n\u00e9cessaires. La SBRT est habituellement associ\u00e9e \u00e0 l&#8217;IMRT ou \u00e0 la VMAT.<\/p>\t\t\t\t\t\t<\/div>\n\t\t\t\t<\/div>\n\t\t\t\t\t<\/div>\n\t\t<\/div>\n\t\t\t\t<div class=\"elementor-column elementor-col-50 elementor-top-column elementor-element elementor-element-7a490b8\" data-id=\"7a490b8\" data-element_type=\"column\">\n\t\t\t<div class=\"elementor-widget-wrap elementor-element-populated\">\n\t\t\t\t\t\t<div class=\"elementor-element elementor-element-a8dfdce elementor-widget elementor-widget-image\" data-id=\"a8dfdce\" data-element_type=\"widget\" data-widget_type=\"image.default\">\n\t\t\t\t<div class=\"elementor-widget-container\">\n\t\t\t\t\t\t\t\t\t\t\t\t\t<img fetchpriority=\"high\" decoding=\"async\" width=\"600\" height=\"376\" src=\"https:\/\/www.cliniquedarchifa.com\/wp-content\/uploads\/2024\/07\/LiverSBRT-Edge1.gif\" class=\"attachment-large size-large wp-image-6383\" alt=\"\" \/>\t\t\t\t\t\t\t\t\t\t\t\t\t<\/div>\n\t\t\t\t<\/div>\n\t\t\t\t\t<\/div>\n\t\t<\/div>\n\t\t\t\t\t<\/div>\n\t\t<\/section>\n\t\t\t\t<\/div>\n\t\t","protected":false},"excerpt":{"rendered":"<p>Traitement SBRT (Radiochirurgie extra cr\u00e2nienne) La SBRT est similaire \u00e0 la radiochirurgie, mais doit \u00eatre pratiqu\u00e9e sur des tumeurs de petite taille se d\u00e9veloppant dans n&#8217;importe quelle localisation anatomique en dehors de la t\u00eate. Cette technique n\u00e9cessite un bon syst\u00e8me d&#8217;immobilisation et un contr\u00f4le de cette immobilisation afin de pouvoir administrer des doses \u00e9lev\u00e9es en [&hellip;]<\/p>\n","protected":false},"author":1,"featured_media":0,"parent":0,"menu_order":0,"comment_status":"closed","ping_status":"closed","template":"template\/template-page.php","meta":{"footnotes":""},"yoast_head":"<!-- This site is optimized with the Yoast SEO plugin v23.3 - https:\/\/yoast.com\/wordpress\/plugins\/seo\/ -->\n<title>SBRT Extracranial Stereotactic Body Radiotherapy in Sfax<\/title>\n<meta name=\"description\" content=\"Discover SBRT extracranial radiosurgery at Clinique Dar Chifa Tunisia: precise, fast and safe care for your health. Make an appointment now!\" \/>\n<meta name=\"robots\" content=\"index, follow, max-snippet:-1, max-image-preview:large, max-video-preview:-1\" \/>\n<link rel=\"canonical\" href=\"https:\/\/www.cliniquedarchifa.com\/en\/sbrt-radiochirurgie-extracranienne\/\" \/>\n<meta property=\"og:locale\" content=\"en_US\" \/>\n<meta property=\"og:type\" content=\"article\" \/>\n<meta property=\"og:title\" content=\"SBRT Extracranial Stereotactic Body Radiotherapy in Sfax\" \/>\n<meta property=\"og:description\" content=\"Discover SBRT extracranial radiosurgery at Clinique Dar Chifa Tunisia: precise, fast and safe care for your health. Make an appointment now!\" \/>\n<meta property=\"og:url\" content=\"https:\/\/www.cliniquedarchifa.com\/en\/sbrt-radiochirurgie-extracranienne\/\" \/>\n<meta property=\"og:site_name\" content=\"Clinique Dar Chifa\" \/>\n<meta property=\"article:modified_time\" content=\"2024-11-19T15:18:30+00:00\" \/>\n<meta property=\"og:image\" content=\"https:\/\/www.cliniquedarchifa.com\/wp-content\/uploads\/2024\/07\/LiverSBRT-Edge1.gif\" \/>\n<meta name=\"twitter:card\" content=\"summary_large_image\" \/>\n<meta name=\"twitter:label1\" content=\"Est. reading time\" \/>\n\t<meta name=\"twitter:data1\" content=\"1 minute\" \/>\n<script type=\"application\/ld+json\" class=\"yoast-schema-graph\">{\"@context\":\"https:\/\/schema.org\",\"@graph\":[{\"@type\":\"WebPage\",\"@id\":\"https:\/\/www.cliniquedarchifa.com\/en\/sbrt-radiochirurgie-extracranienne\/\",\"url\":\"https:\/\/www.cliniquedarchifa.com\/en\/sbrt-radiochirurgie-extracranienne\/\",\"name\":\"SBRT Extracranial Stereotactic Body Radiotherapy in Sfax\",\"isPartOf\":{\"@id\":\"https:\/\/www.cliniquedarchifa.com\/en\/#website\"},\"primaryImageOfPage\":{\"@id\":\"https:\/\/www.cliniquedarchifa.com\/en\/sbrt-radiochirurgie-extracranienne\/#primaryimage\"},\"image\":{\"@id\":\"https:\/\/www.cliniquedarchifa.com\/en\/sbrt-radiochirurgie-extracranienne\/#primaryimage\"},\"thumbnailUrl\":\"https:\/\/www.cliniquedarchifa.com\/wp-content\/uploads\/2024\/07\/LiverSBRT-Edge1.gif\",\"datePublished\":\"2024-07-02T09:36:39+00:00\",\"dateModified\":\"2024-11-19T15:18:30+00:00\",\"description\":\"Discover SBRT extracranial radiosurgery at Clinique Dar Chifa Tunisia: precise, fast and safe care for your health. Make an appointment now!\",\"breadcrumb\":{\"@id\":\"https:\/\/www.cliniquedarchifa.com\/en\/sbrt-radiochirurgie-extracranienne\/#breadcrumb\"},\"inLanguage\":\"en-US\",\"potentialAction\":[{\"@type\":\"ReadAction\",\"target\":[\"https:\/\/www.cliniquedarchifa.com\/en\/sbrt-radiochirurgie-extracranienne\/\"]}]},{\"@type\":\"ImageObject\",\"inLanguage\":\"en-US\",\"@id\":\"https:\/\/www.cliniquedarchifa.com\/en\/sbrt-radiochirurgie-extracranienne\/#primaryimage\",\"url\":\"https:\/\/www.cliniquedarchifa.com\/wp-content\/uploads\/2024\/07\/LiverSBRT-Edge1.gif\",\"contentUrl\":\"https:\/\/www.cliniquedarchifa.com\/wp-content\/uploads\/2024\/07\/LiverSBRT-Edge1.gif\"},{\"@type\":\"BreadcrumbList\",\"@id\":\"https:\/\/www.cliniquedarchifa.com\/en\/sbrt-radiochirurgie-extracranienne\/#breadcrumb\",\"itemListElement\":[{\"@type\":\"ListItem\",\"position\":1,\"name\":\"Home\",\"item\":\"https:\/\/www.cliniquedarchifa.com\/en\/\"},{\"@type\":\"ListItem\",\"position\":2,\"name\":\"SBRT (Radiochirurgie extracr\u00e2nienne)\"}]},{\"@type\":\"WebSite\",\"@id\":\"https:\/\/www.cliniquedarchifa.com\/en\/#website\",\"url\":\"https:\/\/www.cliniquedarchifa.com\/en\/\",\"name\":\"Clinique Dar Chifa\",\"description\":\"Clinique de Radioth\u00e9rapie \u00e0 Sfax, Tunisie\",\"potentialAction\":[{\"@type\":\"SearchAction\",\"target\":{\"@type\":\"EntryPoint\",\"urlTemplate\":\"https:\/\/www.cliniquedarchifa.com\/en\/?s={search_term_string}\"},\"query-input\":\"required name=search_term_string\"}],\"inLanguage\":\"en-US\"}]}<\/script>\n<!-- \/ Yoast SEO plugin. -->","yoast_head_json":{"title":"SBRT Extracranial Stereotactic Body Radiotherapy in Sfax","description":"Discover SBRT extracranial radiosurgery at Clinique Dar Chifa Tunisia: precise, fast and safe care for your health. Make an appointment now!","robots":{"index":"index","follow":"follow","max-snippet":"max-snippet:-1","max-image-preview":"max-image-preview:large","max-video-preview":"max-video-preview:-1"},"canonical":"https:\/\/www.cliniquedarchifa.com\/en\/sbrt-radiochirurgie-extracranienne\/","og_locale":"en_US","og_type":"article","og_title":"SBRT Extracranial Stereotactic Body Radiotherapy in Sfax","og_description":"Discover SBRT extracranial radiosurgery at Clinique Dar Chifa Tunisia: precise, fast and safe care for your health. Make an appointment now!","og_url":"https:\/\/www.cliniquedarchifa.com\/en\/sbrt-radiochirurgie-extracranienne\/","og_site_name":"Clinique Dar Chifa","article_modified_time":"2024-11-19T15:18:30+00:00","og_image":[{"url":"https:\/\/www.cliniquedarchifa.com\/wp-content\/uploads\/2024\/07\/LiverSBRT-Edge1.gif"}],"twitter_card":"summary_large_image","twitter_misc":{"Est. reading time":"1 minute"},"schema":{"@context":"https:\/\/schema.org","@graph":[{"@type":"WebPage","@id":"https:\/\/www.cliniquedarchifa.com\/en\/sbrt-radiochirurgie-extracranienne\/","url":"https:\/\/www.cliniquedarchifa.com\/en\/sbrt-radiochirurgie-extracranienne\/","name":"SBRT Extracranial Stereotactic Body Radiotherapy in Sfax","isPartOf":{"@id":"https:\/\/www.cliniquedarchifa.com\/en\/#website"},"primaryImageOfPage":{"@id":"https:\/\/www.cliniquedarchifa.com\/en\/sbrt-radiochirurgie-extracranienne\/#primaryimage"},"image":{"@id":"https:\/\/www.cliniquedarchifa.com\/en\/sbrt-radiochirurgie-extracranienne\/#primaryimage"},"thumbnailUrl":"https:\/\/www.cliniquedarchifa.com\/wp-content\/uploads\/2024\/07\/LiverSBRT-Edge1.gif","datePublished":"2024-07-02T09:36:39+00:00","dateModified":"2024-11-19T15:18:30+00:00","description":"Discover SBRT extracranial radiosurgery at Clinique Dar Chifa Tunisia: precise, fast and safe care for your health. Make an appointment now!","breadcrumb":{"@id":"https:\/\/www.cliniquedarchifa.com\/en\/sbrt-radiochirurgie-extracranienne\/#breadcrumb"},"inLanguage":"en-US","potentialAction":[{"@type":"ReadAction","target":["https:\/\/www.cliniquedarchifa.com\/en\/sbrt-radiochirurgie-extracranienne\/"]}]},{"@type":"ImageObject","inLanguage":"en-US","@id":"https:\/\/www.cliniquedarchifa.com\/en\/sbrt-radiochirurgie-extracranienne\/#primaryimage","url":"https:\/\/www.cliniquedarchifa.com\/wp-content\/uploads\/2024\/07\/LiverSBRT-Edge1.gif","contentUrl":"https:\/\/www.cliniquedarchifa.com\/wp-content\/uploads\/2024\/07\/LiverSBRT-Edge1.gif"},{"@type":"BreadcrumbList","@id":"https:\/\/www.cliniquedarchifa.com\/en\/sbrt-radiochirurgie-extracranienne\/#breadcrumb","itemListElement":[{"@type":"ListItem","position":1,"name":"Home","item":"https:\/\/www.cliniquedarchifa.com\/en\/"},{"@type":"ListItem","position":2,"name":"SBRT (Radiochirurgie extracr\u00e2nienne)"}]},{"@type":"WebSite","@id":"https:\/\/www.cliniquedarchifa.com\/en\/#website","url":"https:\/\/www.cliniquedarchifa.com\/en\/","name":"Clinique Dar Chifa","description":"Clinique de Radioth\u00e9rapie \u00e0 Sfax, Tunisie","potentialAction":[{"@type":"SearchAction","target":{"@type":"EntryPoint","urlTemplate":"https:\/\/www.cliniquedarchifa.com\/en\/?s={search_term_string}"},"query-input":"required name=search_term_string"}],"inLanguage":"en-US"}]}},"_links":{"self":[{"href":"https:\/\/www.cliniquedarchifa.com\/en\/wp-json\/wp\/v2\/pages\/6823"}],"collection":[{"href":"https:\/\/www.cliniquedarchifa.com\/en\/wp-json\/wp\/v2\/pages"}],"about":[{"href":"https:\/\/www.cliniquedarchifa.com\/en\/wp-json\/wp\/v2\/types\/page"}],"author":[{"embeddable":true,"href":"https:\/\/www.cliniquedarchifa.com\/en\/wp-json\/wp\/v2\/users\/1"}],"replies":[{"embeddable":true,"href":"https:\/\/www.cliniquedarchifa.com\/en\/wp-json\/wp\/v2\/comments?post=6823"}],"version-history":[{"count":4,"href":"https:\/\/www.cliniquedarchifa.com\/en\/wp-json\/wp\/v2\/pages\/6823\/revisions"}],"predecessor-version":[{"id":7142,"href":"https:\/\/www.cliniquedarchifa.com\/en\/wp-json\/wp\/v2\/pages\/6823\/revisions\/7142"}],"wp:attachment":[{"href":"https:\/\/www.cliniquedarchifa.com\/en\/wp-json\/wp\/v2\/media?parent=6823"}],"curies":[{"name":"wp","href":"https:\/\/api.w.org\/{rel}","templated":true}]}}